{"id":6,"date":"2020-08-08T22:37:11","date_gmt":"2020-08-08T20:37:11","guid":{"rendered":"http:\/\/imediaz.cluster030.hosting.ovh.net\/?page_id=6"},"modified":"2025-06-05T11:42:35","modified_gmt":"2025-06-05T09:42:35","slug":"le-nouveau-e-mucem-ouvre-ses-portes-2","status":"publish","type":"page","link":"https:\/\/i-mediaa.eu\/","title":{"rendered":"Ing\u00e9nieur Architecte Associ\u00e9s | Sciences du vivant"},"content":{"rendered":"\n<p><a href=\"https:\/\/i-mediaa.eu\/index.php\/nos-references\/\"><script type=\"text\/javascript\">\r\ndocument.addEventListener(\"DOMContentLoaded\", function(event) { \r\n\tjQuery( '#slider-pro-3-654' ).sliderPro({\r\n\t\t\/\/width\r\n\t\t\t\twidth: 1000,\r\n\t\t\t\t\r\n\t\t\/\/height\r\n\t\t\t\theight: 500,\r\n\t\t\t\t\r\n\t\t\/\/auto play\r\n\t\t\t\tautoplay:  true,\r\n\t\tautoplayOnHover: 'none',\r\n\t\t\t\t\t\t\t\tautoplayDelay: 6000,\r\n\t\t\r\n\t\t\r\n\t\tarrows: true,\r\n\t\tbuttons: false,\r\n\t\tsmallSize: 500,\r\n\t\tmediumSize: 1000,\r\n\t\tlargeSize: 3000,\r\n\t\tfade: false,\r\n\t\t\r\n\t\t\/\/thumbnail\r\n\t\tthumbnailArrows: true,\r\n\t\tthumbnailWidth: 120,\r\n\t\tthumbnailHeight: 120,\r\n\t\t\t\t\t\t\t\tcenterImage: true,\r\n\t\timageScaleMode: 'cover',\r\n\t\tallowScaleUp: true,\r\n\t\t\t\tstartSlide: 0,\r\n\t\tloop: true,\r\n\t\tslideDistance: 5,\r\n\t\tautoplayDirection: 'normal',\r\n\t\ttouchSwipe: true,\r\n\t\tfullScreen: false,\r\n\t});\r\n});\r\n<\/script>\r\n<style>\r\n\/* Layout 3 *\/\r\n\/* border *\/\r\n#slider-pro-3-654 .sp-selected-thumbnail {\r\n\tborder: 4px solid #000000;\r\n}\r\n\r\n\/* font + color *\/\r\n.title-in  {\r\n\tfont-family: Arial !important;\r\n\tcolor: #FFFFFF !important;\r\n\tbackground-color: #ffffff !important;\r\n\topacity: 0.7 !important;\r\n}\r\n.desc-in  {\r\n\tfont-family: Arial !important;\r\n\tcolor: #ef4092 !important;\r\n\tbackground-color: #ffffff !important;\r\n\topacity: 0.7 !important;\r\n}\r\n\r\n\/* bullets color *\/\r\n.sp-button  {\r\n\tborder: 2px solid #000000 !important;\r\n}\r\n.sp-selected-button  {\r\n\tbackground-color: #000000 !important;\r\n}\r\n\r\n\/* pointer color - bottom *\/\r\n\r\n\/* pointer color - top *\/\r\n\r\n\/* full screen icon *\/\r\n.sp-full-screen-button::before {\r\n    color: #FFFFFF !important;\r\n}\r\n\r\n\/* hover navigation icon color *\/\r\n.sp-next-arrow::after, .sp-next-arrow::before {\r\n\tbackground-color: #FFFFFF !important;\r\n}\r\n.sp-previous-arrow::after, .sp-previous-arrow::before {\r\n\tbackground-color: #FFFFFF !important;\r\n}\r\n\r\n#slider-pro-3-654 .title-in {\r\n\tcolor: #FFFFFF !important;\r\n\tfont-weight: bolder;\r\n\ttext-align: center;\r\n}\r\n\r\n#slider-pro-3-654 .title-in-bg {\r\n\tbackground: rgba(255, 255, 255, 0.7); !important;\r\n\twhite-space: unset !important;\r\n\tmax-width: 90%;\r\n\tmin-width: 40%;\r\n\ttransform: initial !important;\r\n\t-webkit-transform: initial !important;\r\n\tfont-size: 14px !important;\r\n}\r\n\r\n#slider-pro-3-654 .desc-in {\r\n\tcolor: #ef4092 !important;\r\n\ttext-align: center;\r\n}\r\n#slider-pro-3-654 .desc-in-bg {\r\n\tbackground: rgba(#ffffff, 0.7) !important;\r\n\twhite-space: unset !important;\r\n\twidth: 80% !important;\r\n\tmin-width: 30%;\r\n\ttransform: initial !important;\r\n\t-webkit-transform: initial !important;\r\n\tfont-size: 13px !important;\r\n}\r\n\r\n@media (max-width: 640px) {\r\n\t#slider-pro-3-654 .hide-small-screen {\r\n\t\tdisplay: none;\r\n\t}\r\n}\r\n\r\n@media (max-width: 860px) {\r\n\t#slider-pro-3-654 .sp-layer {\r\n\t\tfont-size: 18px;\r\n\t}\r\n\t\r\n\t#slider-pro-3-654 .hide-medium-screen {\r\n\t\tdisplay: none;\r\n\t}\r\n}\r\n.slides-not-found {\r\n\tbackground-color: #a92929;\r\n\tborder-radius: 5px;\r\n\tcolor: #fff;\r\n\tfont-family: initial;\r\n\ttext-align: center;\r\n\tpadding:12px;\r\n}\r\n\/* Custom CSS *\/\r\n<\/style>\r\n\t\t<div id=\"slider-pro-3-654\" class=\"slider-pro\">\r\n\t\t\t<!---- slides div start ---->\r\n\t\t\t<div class=\"sp-slides\">\r\n\t\t\t\t\t\t\t\t\t\t<div class=\"sp-slide\">\r\n\t\t\t\t\t\t\t<img class=\"sp-image\" alt=\"MED_Protopia_09\" src=\"https:\/\/i-mediaa.eu\/wp-content\/plugins\/ultimate-responsive-image-slider\/assets\/css\/images\/blank.gif\" data-src=\"https:\/\/i-mediaa.eu\/wp-content\/uploads\/2024\/08\/MED_Protopia_09-scaled.jpg\" \/>\r\n\r\n\t\t\t\t\t\t\t\r\n\t\t\t\t\t\t\t\t\t\t\t\t\t<\/div>\r\n\t\t\t\t\t\t\t\t\t\t\t\t<div class=\"sp-slide\">\r\n\t\t\t\t\t\t\t<img class=\"sp-image\" alt=\"CEVA BIOVAC_Genovac01_BTST\" src=\"https:\/\/i-mediaa.eu\/wp-content\/plugins\/ultimate-responsive-image-slider\/assets\/css\/images\/blank.gif\" data-src=\"https:\/\/i-mediaa.eu\/wp-content\/uploads\/2025\/09\/CEVA-BIOVAC_Genovac01_BTST-scaled.jpg\" \/>\r\n\r\n\t\t\t\t\t\t\t\r\n\t\t\t\t\t\t\t\t\t\t\t\t\t<\/div>\r\n\t\t\t\t\t\t\t\t\t\t\t\t<div class=\"sp-slide\">\r\n\t\t\t\t\t\t\t<img class=\"sp-image\" alt=\"GEPEA_01\" src=\"https:\/\/i-mediaa.eu\/wp-content\/plugins\/ultimate-responsive-image-slider\/assets\/css\/images\/blank.gif\" data-src=\"https:\/\/i-mediaa.eu\/wp-content\/uploads\/2025\/01\/GEPEA_01.jpg\" \/>\r\n\r\n\t\t\t\t\t\t\t\r\n\t\t\t\t\t\t\t\t\t\t\t\t\t<\/div>\r\n\t\t\t\t\t\t\t\t\t\t\t\t<div class=\"sp-slide\">\r\n\t\t\t\t\t\t\t<img class=\"sp-image\" alt=\"CH Granville02_IRM_BTST\" src=\"https:\/\/i-mediaa.eu\/wp-content\/plugins\/ultimate-responsive-image-slider\/assets\/css\/images\/blank.gif\" data-src=\"https:\/\/i-mediaa.eu\/wp-content\/uploads\/2025\/09\/CH-Granville02_IRM_BTST-scaled.jpg\" \/>\r\n\r\n\t\t\t\t\t\t\t\r\n\t\t\t\t\t\t\t\t\t\t\t\t\t<\/div>\r\n\t\t\t\t\t\t\t\t\t\t\t\t<div class=\"sp-slide\">\r\n\t\t\t\t\t\t\t<img class=\"sp-image\" alt=\"IMG_8869_bis\" src=\"https:\/\/i-mediaa.eu\/wp-content\/plugins\/ultimate-responsive-image-slider\/assets\/css\/images\/blank.gif\" data-src=\"https:\/\/i-mediaa.eu\/wp-content\/uploads\/2025\/07\/IMG_8869_bis-scaled.jpg\" \/>\r\n\r\n\t\t\t\t\t\t\t\r\n\t\t\t\t\t\t\t\t\t\t\t\t\t<\/div>\r\n\t\t\t\t\t\t\t\t\t\t\t\t<div class=\"sp-slide\">\r\n\t\t\t\t\t\t\t<img class=\"sp-image\" alt=\"BTST_Ext05_Ter\" src=\"https:\/\/i-mediaa.eu\/wp-content\/plugins\/ultimate-responsive-image-slider\/assets\/css\/images\/blank.gif\" data-src=\"https:\/\/i-mediaa.eu\/wp-content\/uploads\/2024\/05\/BTST_Ext05_Ter-scaled.jpg\" \/>\r\n\r\n\t\t\t\t\t\t\t\r\n\t\t\t\t\t\t\t\t\t\t\t\t\t<\/div>\r\n\t\t\t\t\t\t\t\t\t\t\t\t<div class=\"sp-slide\">\r\n\t\t\t\t\t\t\t<img class=\"sp-image\" alt=\"MED_Protopia_11\" src=\"https:\/\/i-mediaa.eu\/wp-content\/plugins\/ultimate-responsive-image-slider\/assets\/css\/images\/blank.gif\" data-src=\"https:\/\/i-mediaa.eu\/wp-content\/uploads\/2024\/08\/MED_Protopia_11-scaled.jpg\" \/>\r\n\r\n\t\t\t\t\t\t\t\r\n\t\t\t\t\t\t\t\t\t\t\t\t\t<\/div>\r\n\t\t\t\t\t\t\t\t\t\t\t\t<div class=\"sp-slide\">\r\n\t\t\t\t\t\t\t<img class=\"sp-image\" alt=\"BTST_GENOPOLE_G2_Accueil meubl\u00e9\" src=\"https:\/\/i-mediaa.eu\/wp-content\/plugins\/ultimate-responsive-image-slider\/assets\/css\/images\/blank.gif\" data-src=\"https:\/\/i-mediaa.eu\/wp-content\/uploads\/2024\/02\/BTST_GENOPOLE_G2_Accueil-meuble-scaled.jpg\" \/>\r\n\r\n\t\t\t\t\t\t\t\r\n\t\t\t\t\t\t\t\t\t\t\t\t\t<\/div>\r\n\t\t\t\t\t\t\t\t\t\t\t\t<div class=\"sp-slide\">\r\n\t\t\t\t\t\t\t<img class=\"sp-image\" alt=\"BTST_CEVA-Int01\" src=\"https:\/\/i-mediaa.eu\/wp-content\/plugins\/ultimate-responsive-image-slider\/assets\/css\/images\/blank.gif\" data-src=\"https:\/\/i-mediaa.eu\/wp-content\/uploads\/2024\/05\/BTST_CEVA-Int01-scaled.jpg\" \/>\r\n\r\n\t\t\t\t\t\t\t\r\n\t\t\t\t\t\t\t\t\t\t\t\t\t<\/div>\r\n\t\t\t\t\t\t\t\t\t\t\t\t<div class=\"sp-slide\">\r\n\t\t\t\t\t\t\t<img class=\"sp-image\" alt=\"BTST_Ext04_Ter\" src=\"https:\/\/i-mediaa.eu\/wp-content\/plugins\/ultimate-responsive-image-slider\/assets\/css\/images\/blank.gif\" data-src=\"https:\/\/i-mediaa.eu\/wp-content\/uploads\/2024\/05\/BTST_Ext04_Ter-scaled.jpg\" \/>\r\n\r\n\t\t\t\t\t\t\t\r\n\t\t\t\t\t\t\t\t\t\t\t\t\t<\/div>\r\n\t\t\t\t\t\t\t\t\t\t\t\t<div class=\"sp-slide\">\r\n\t\t\t\t\t\t\t<img class=\"sp-image\" alt=\"BTST_GENOPOLE_G2_Labo2\" src=\"https:\/\/i-mediaa.eu\/wp-content\/plugins\/ultimate-responsive-image-slider\/assets\/css\/images\/blank.gif\" data-src=\"https:\/\/i-mediaa.eu\/wp-content\/uploads\/2023\/03\/BTST_GENOPOLE_G2_Labo2-scaled.jpg\" \/>\r\n\r\n\t\t\t\t\t\t\t\r\n\t\t\t\t\t\t\t\t\t\t\t\t\t<\/div>\r\n\t\t\t\t\t\t\t\t\t\t\t\t<div class=\"sp-slide\">\r\n\t\t\t\t\t\t\t<img class=\"sp-image\" alt=\"BTST_Ext03_DSDE\" src=\"https:\/\/i-mediaa.eu\/wp-content\/plugins\/ultimate-responsive-image-slider\/assets\/css\/images\/blank.gif\" data-src=\"https:\/\/i-mediaa.eu\/wp-content\/uploads\/2024\/05\/BTST_Ext03_DSDE-scaled.jpg\" \/>\r\n\r\n\t\t\t\t\t\t\t\r\n\t\t\t\t\t\t\t\t\t\t\t\t\t<\/div>\r\n\t\t\t\t\t\t\t\t\t<\/div>\r\n\t\t\t\r\n\t\t\t<!---- slides div end ---->\r\n\t\t\t\t\t\t<!-- slides thumbnails div end -->\r\n\t\t<\/div>\r\n<\/a><\/p>\n\n\n\n<p><\/p>\n\n\n\n<h3 class=\"has-text-align-left has-primary-color has-text-color\">Notre Actualit\u00e9<\/h3>\n\n\n<ul class=\"wp-block-latest-posts__list is-grid columns-3 wp-block-latest-posts\"><li><div class=\"wp-block-latest-posts__featured-image\"><img width=\"300\" height=\"166\" src=\"https:\/\/i-mediaa.eu\/wp-content\/uploads\/2026\/01\/MED_BA2026-300x166.jpg\" class=\"attachment-medium size-medium wp-post-image\" alt=\"\" loading=\"lazy\" style=\"\" srcset=\"https:\/\/i-mediaa.eu\/wp-content\/uploads\/2026\/01\/MED_BA2026-300x166.jpg 300w, https:\/\/i-mediaa.eu\/wp-content\/uploads\/2026\/01\/MED_BA2026-1024x568.jpg 1024w, https:\/\/i-mediaa.eu\/wp-content\/uploads\/2026\/01\/MED_BA2026-768x426.jpg 768w, https:\/\/i-mediaa.eu\/wp-content\/uploads\/2026\/01\/MED_BA2026-1536x852.jpg 1536w, https:\/\/i-mediaa.eu\/wp-content\/uploads\/2026\/01\/MED_BA2026-2048x1136.jpg 2048w\" sizes=\"(max-width: 300px) 100vw, 300px\" \/><\/div><a href=\"https:\/\/i-mediaa.eu\/index.php\/2026\/01\/01\/bonne-annee-2026\/\">Bonne ann\u00e9e 2026 !<\/a><div class=\"wp-block-latest-posts__post-excerpt\">Une ann\u00e9e vient de s\u2019achever, marqu\u00e9e par des projets ambitieux, des \u00e9changes nourris et de&hellip;&nbsp;<a href=\"https:\/\/i-mediaa.eu\/index.php\/2026\/01\/01\/bonne-annee-2026\/\" class=\"\" rel=\"bookmark\">Lire la suite &raquo;<span class=\"screen-reader-text\">Bonne ann\u00e9e 2026 !<\/span><\/a><\/div><\/li>\n<li><div class=\"wp-block-latest-posts__featured-image\"><img width=\"300\" height=\"166\" src=\"https:\/\/i-mediaa.eu\/wp-content\/uploads\/2025\/02\/UN_GEPEA_\u00b5algues_MEDIAA-300x166.jpg\" class=\"attachment-medium size-medium wp-post-image\" alt=\"\" loading=\"lazy\" style=\"\" srcset=\"https:\/\/i-mediaa.eu\/wp-content\/uploads\/2025\/02\/UN_GEPEA_\u00b5algues_MEDIAA-300x166.jpg 300w, https:\/\/i-mediaa.eu\/wp-content\/uploads\/2025\/02\/UN_GEPEA_\u00b5algues_MEDIAA-1024x568.jpg 1024w, https:\/\/i-mediaa.eu\/wp-content\/uploads\/2025\/02\/UN_GEPEA_\u00b5algues_MEDIAA-768x426.jpg 768w, https:\/\/i-mediaa.eu\/wp-content\/uploads\/2025\/02\/UN_GEPEA_\u00b5algues_MEDIAA-1536x852.jpg 1536w, https:\/\/i-mediaa.eu\/wp-content\/uploads\/2025\/02\/UN_GEPEA_\u00b5algues_MEDIAA-2048x1136.jpg 2048w\" sizes=\"(max-width: 300px) 100vw, 300px\" \/><\/div><a href=\"https:\/\/i-mediaa.eu\/index.php\/2025\/12\/05\/inauguration-du-demonstrateur-heathlphase-a-saint-nazaire\/\">\u2ba9 Inauguration du d\u00e9monstrateur HeathlPhase  \u00e0 Saint-Nazaire<\/a><div class=\"wp-block-latest-posts__post-excerpt\">01-12-2025 : Inauguration du d\u00e9monstrateur HealthPhase &#8211; Microalgae &amp; Health!Ce projet exploite le potentiel exceptionnel&hellip;&nbsp;<a href=\"https:\/\/i-mediaa.eu\/index.php\/2025\/12\/05\/inauguration-du-demonstrateur-heathlphase-a-saint-nazaire\/\" class=\"\" rel=\"bookmark\">Lire la suite &raquo;<span class=\"screen-reader-text\">\u2ba9 Inauguration du d\u00e9monstrateur HeathlPhase  \u00e0 Saint-Nazaire<\/span><\/a><\/div><\/li>\n<li><div class=\"wp-block-latest-posts__featured-image\"><img width=\"300\" height=\"166\" src=\"https:\/\/i-mediaa.eu\/wp-content\/uploads\/2025\/12\/CH-Granville03_IRM_BTST-300x166.jpg\" class=\"attachment-medium size-medium wp-post-image\" alt=\"\" loading=\"lazy\" style=\"\" srcset=\"https:\/\/i-mediaa.eu\/wp-content\/uploads\/2025\/12\/CH-Granville03_IRM_BTST-300x166.jpg 300w, https:\/\/i-mediaa.eu\/wp-content\/uploads\/2025\/12\/CH-Granville03_IRM_BTST-1024x568.jpg 1024w, https:\/\/i-mediaa.eu\/wp-content\/uploads\/2025\/12\/CH-Granville03_IRM_BTST-768x426.jpg 768w, https:\/\/i-mediaa.eu\/wp-content\/uploads\/2025\/12\/CH-Granville03_IRM_BTST-1536x852.jpg 1536w, https:\/\/i-mediaa.eu\/wp-content\/uploads\/2025\/12\/CH-Granville03_IRM_BTST-2048x1136.jpg 2048w\" sizes=\"(max-width: 300px) 100vw, 300px\" \/><\/div><a href=\"https:\/\/i-mediaa.eu\/index.php\/2025\/12\/01\/inauguration-de-lirm-a-granville-hopitaux-du-sud-manche-granville\/\">\u2ba9 Inauguration de l&rsquo;IRM \u00e0 Granville | Hopitaux du sud Manche &#8211; Granville<\/a><div class=\"wp-block-latest-posts__post-excerpt\">Un beau moment partag\u00e9 avec les \u00e9quipes soignantes et administratives, que nous remercions chaleureusement pour&hellip;&nbsp;<a href=\"https:\/\/i-mediaa.eu\/index.php\/2025\/12\/01\/inauguration-de-lirm-a-granville-hopitaux-du-sud-manche-granville\/\" class=\"\" rel=\"bookmark\">Lire la suite &raquo;<span class=\"screen-reader-text\">\u2ba9 Inauguration de l&rsquo;IRM \u00e0 Granville | Hopitaux du sud Manche &#8211; Granville<\/span><\/a><\/div><\/li>\n<\/ul>\n\n\n<p>______________________________________________________________________________________________<\/p>\n\n\n\n<div class=\"wp-block-group alignwide\"><div class=\"wp-block-group__inner-container\">\n<h3>Notre \u00e9quipe | 4 associ\u00e9s<\/h3>\n<\/div><\/div>\n\n\n\n<div class=\"wp-block-columns\">\n<div class=\"wp-block-column\">\n<p class=\"has-text-align-center\"><strong>S\u00e9bastien CHAUME<\/strong><\/p>\n\n\n\n<p class=\"has-text-align-center has-neve-link-hover-color-color has-text-color\"><strong>DIR. TECHNIQUE<\/strong><\/p>\n\n\n\n<div class=\"wp-block-image is-style-default\"><figure class=\"aligncenter size-large is-resized\"><img loading=\"lazy\" src=\"https:\/\/i-mediaa.eu\/wp-content\/uploads\/2021\/11\/MEDIAA_SCH-1024x1024.png\" alt=\"\" class=\"wp-image-476\" width=\"120\" height=\"120\" srcset=\"https:\/\/i-mediaa.eu\/wp-content\/uploads\/2021\/11\/MEDIAA_SCH-1024x1024.png 1024w, https:\/\/i-mediaa.eu\/wp-content\/uploads\/2021\/11\/MEDIAA_SCH-300x300.png 300w, https:\/\/i-mediaa.eu\/wp-content\/uploads\/2021\/11\/MEDIAA_SCH-150x150.png 150w, https:\/\/i-mediaa.eu\/wp-content\/uploads\/2021\/11\/MEDIAA_SCH-768x768.png 768w, https:\/\/i-mediaa.eu\/wp-content\/uploads\/2021\/11\/MEDIAA_SCH.png 1175w\" sizes=\"(max-width: 120px) 100vw, 120px\" \/><\/figure><\/div>\n<\/div>\n\n\n\n<div class=\"wp-block-column is-vertically-aligned-top\">\n<p class=\"has-text-align-center\"><strong>Laurent BOUDAILLIEZ<\/strong><\/p>\n\n\n\n<p class=\"has-text-align-center has-neve-link-hover-color-color has-text-color\"><strong>CHEF DE PROJETS<\/strong><\/p>\n\n\n\n<div class=\"wp-block-image\"><figure class=\"aligncenter size-large is-resized\"><img loading=\"lazy\" src=\"https:\/\/i-mediaa.eu\/wp-content\/uploads\/2021\/11\/MEDIAA_LBO-1024x1024.png\" alt=\"\" class=\"wp-image-477\" width=\"120\" height=\"120\" srcset=\"https:\/\/i-mediaa.eu\/wp-content\/uploads\/2021\/11\/MEDIAA_LBO-1024x1024.png 1024w, https:\/\/i-mediaa.eu\/wp-content\/uploads\/2021\/11\/MEDIAA_LBO-300x300.png 300w, https:\/\/i-mediaa.eu\/wp-content\/uploads\/2021\/11\/MEDIAA_LBO-150x150.png 150w, https:\/\/i-mediaa.eu\/wp-content\/uploads\/2021\/11\/MEDIAA_LBO-768x768.png 768w, https:\/\/i-mediaa.eu\/wp-content\/uploads\/2021\/11\/MEDIAA_LBO.png 1175w\" sizes=\"(max-width: 120px) 100vw, 120px\" \/><\/figure><\/div>\n<\/div>\n\n\n\n<div class=\"wp-block-column is-vertically-aligned-top\">\n<p class=\"has-text-align-center\"><strong>C\u00e9line CHAUVIR\u00c9<\/strong><\/p>\n\n\n\n<p class=\"has-text-align-center has-neve-link-hover-color-color has-text-color\"><strong>RAF<\/strong><\/p>\n\n\n\n<div class=\"wp-block-image is-style-default\"><figure class=\"aligncenter size-large is-resized\"><img loading=\"lazy\" src=\"https:\/\/i-mediaa.eu\/wp-content\/uploads\/2022\/01\/Celine_ID_cercle-2-1024x1024.png\" alt=\"\" class=\"wp-image-576\" width=\"120\" height=\"120\" srcset=\"https:\/\/i-mediaa.eu\/wp-content\/uploads\/2022\/01\/Celine_ID_cercle-2-1024x1024.png 1024w, https:\/\/i-mediaa.eu\/wp-content\/uploads\/2022\/01\/Celine_ID_cercle-2-300x300.png 300w, https:\/\/i-mediaa.eu\/wp-content\/uploads\/2022\/01\/Celine_ID_cercle-2-150x150.png 150w, https:\/\/i-mediaa.eu\/wp-content\/uploads\/2022\/01\/Celine_ID_cercle-2-768x768.png 768w, https:\/\/i-mediaa.eu\/wp-content\/uploads\/2022\/01\/Celine_ID_cercle-2.png 1464w\" sizes=\"(max-width: 120px) 100vw, 120px\" \/><\/figure><\/div>\n<\/div>\n\n\n\n<div class=\"wp-block-column\">\n<p class=\"has-text-align-center\"><strong>Beno\u00eet SOUFFRANT<\/strong><\/p>\n\n\n\n<p class=\"has-text-align-center has-neve-link-hover-color-color has-text-color\"><strong>ARCHITECTE<\/strong><\/p>\n\n\n\n<div class=\"wp-block-image\"><figure class=\"aligncenter size-large is-resized\"><a href=\"https:\/\/www.architectes-pour-tous.fr\/architectes-pour-tous\/btst\"><img loading=\"lazy\" src=\"https:\/\/i-mediaa.eu\/wp-content\/uploads\/2021\/11\/MEDIAA_BSO-1024x1024.png\" alt=\"\" class=\"wp-image-478\" width=\"120\" height=\"120\" srcset=\"https:\/\/i-mediaa.eu\/wp-content\/uploads\/2021\/11\/MEDIAA_BSO-1024x1024.png 1024w, https:\/\/i-mediaa.eu\/wp-content\/uploads\/2021\/11\/MEDIAA_BSO-300x300.png 300w, https:\/\/i-mediaa.eu\/wp-content\/uploads\/2021\/11\/MEDIAA_BSO-150x150.png 150w, https:\/\/i-mediaa.eu\/wp-content\/uploads\/2021\/11\/MEDIAA_BSO-768x768.png 768w, https:\/\/i-mediaa.eu\/wp-content\/uploads\/2021\/11\/MEDIAA_BSO.png 1175w\" sizes=\"(max-width: 120px) 100vw, 120px\" \/><\/a><\/figure><\/div>\n<\/div>\n<\/div>\n\n\n\n<h3>Nos secteurs d&rsquo;activit\u00e9  |  Sant\u00e9, Sciences du vivant &amp; Industrie<\/h3>\n\n\n\n<p>Notre atelier d\u2019architecture et d\u2019ing\u00e9nierie propose des missions de Maitrise d\u2019\u0153uvre b\u00e2timent et Proc\u00e9d\u00e9s pour tous types de projets, principalement orient\u00e9s dans le domaine des sciences du vivant, des environnements \u00e0 fortes contraintes et de l&rsquo;industrie sp\u00e9cialis\u00e9e.<\/p>\n\n\n\n<div class=\"wp-block-columns\">\n<div class=\"wp-block-column\">\n<p class=\"has-text-align-left has-medium-font-size\">\u2b8a <strong>SANT\u00c9 &amp; SCIENCES DU VIVANT : <\/strong><\/p>\n\n\n\n<ul><li>LABORATOIRES | L1, L2, L3\/P3 &#8211; Animalerie<\/li><li>INDUSTRIE PHARMACEUTIQUE<\/li><li>HOSPITALIER<\/li><li>BIOTH\u00c8QUES<\/li><\/ul>\n\n\n\n<p><\/p>\n\n\n\n<div class=\"wp-block-image\"><figure class=\"aligncenter size-large is-resized\"><a href=\"https:\/\/i-mediaa.eu\/index.php\/nos-references\/\"><img loading=\"lazy\" src=\"http:\/\/imediaz.cluster030.hosting.ovh.net\/wp-content\/uploads\/2021\/04\/PHARMA-1-1024x1024.png\" alt=\"\" class=\"wp-image-274\" width=\"256\" height=\"256\" srcset=\"https:\/\/i-mediaa.eu\/wp-content\/uploads\/2021\/04\/PHARMA-1-1024x1024.png 1024w, https:\/\/i-mediaa.eu\/wp-content\/uploads\/2021\/04\/PHARMA-1-300x300.png 300w, https:\/\/i-mediaa.eu\/wp-content\/uploads\/2021\/04\/PHARMA-1-150x150.png 150w, https:\/\/i-mediaa.eu\/wp-content\/uploads\/2021\/04\/PHARMA-1-768x768.png 768w, https:\/\/i-mediaa.eu\/wp-content\/uploads\/2021\/04\/PHARMA-1-1536x1536.png 1536w, https:\/\/i-mediaa.eu\/wp-content\/uploads\/2021\/04\/PHARMA-1-2048x2048.png 2048w\" sizes=\"(max-width: 256px) 100vw, 256px\" \/><\/a><\/figure><\/div>\n<\/div>\n\n\n\n<div class=\"wp-block-column\">\n<p class=\"has-text-align-left has-medium-font-size\">\u2b8a <strong>INDUSTRIE DE POINTE<\/strong> :<\/p>\n\n\n\n<ul><li>NAVAL<\/li><li>A\u00c9RONAUTIQUE<\/li><li>MICRO\u00c9LECTRONIQUE<\/li><li>CHIMIE FINE<\/li><\/ul>\n\n\n\n<p><\/p>\n\n\n\n<div class=\"wp-block-image\"><figure class=\"aligncenter size-large is-resized\"><a href=\"https:\/\/i-mediaa.eu\/index.php\/nos-references\/\"><img loading=\"lazy\" src=\"http:\/\/imediaz.cluster030.hosting.ovh.net\/wp-content\/uploads\/2021\/04\/IND-1-1024x1024.png\" alt=\"\" class=\"wp-image-278\" width=\"256\" height=\"256\" srcset=\"https:\/\/i-mediaa.eu\/wp-content\/uploads\/2021\/04\/IND-1-1024x1024.png 1024w, https:\/\/i-mediaa.eu\/wp-content\/uploads\/2021\/04\/IND-1-300x300.png 300w, https:\/\/i-mediaa.eu\/wp-content\/uploads\/2021\/04\/IND-1-150x150.png 150w, https:\/\/i-mediaa.eu\/wp-content\/uploads\/2021\/04\/IND-1-768x768.png 768w, https:\/\/i-mediaa.eu\/wp-content\/uploads\/2021\/04\/IND-1-1536x1536.png 1536w, https:\/\/i-mediaa.eu\/wp-content\/uploads\/2021\/04\/IND-1-2048x2048.png 2048w\" sizes=\"(max-width: 256px) 100vw, 256px\" \/><\/a><\/figure><\/div>\n<\/div>\n<\/div>\n\n\n\n<p><strong><a href=\"https:\/\/i-mediaa.eu\/index.php\/2024\/01\/08\/mediaa-livre-le-gip-arronax\/\">Laboratoires (R&amp;D, microbiologie)<\/a>, Salles blanches, Animaleries, <a href=\"https:\/\/i-mediaa.eu\/index.php\/2024\/06\/04\/mediaa-livre-de-nouveaux-laboratoires-a-ceva-sante-animale\/\">Industries pharmaceutiques<\/a>, ZAC de production, Hospitalier (Unit\u00e9 de soins, Blocs, SSPI), M\u00e9decine nucl\u00e9aire, Biotechnologies<\/strong>, <strong><a href=\"https:\/\/i-mediaa.eu\/index.php\/2024\/08\/30\/mediaa-livre-de-nouveaux-laboratoires-au-genopole\/\">Foodtech<\/a><\/strong><\/p>\n\n\n\n<p>______________________________________________________________________________________________<\/p>\n\n\n\n<p class=\"has-nv-light-bg-color has-text-color\"><strong>ING\u00c9NIERIE, ARCHITECTURE &amp; CONSEIL<\/strong> | Prestations amonts (diagnostic, faisabilit\u00e9), Ma\u00eetrise d&rsquo;\u0153uvre, Conception\/r\u00e9alisation, AMO | Ma\u00eetres d&rsquo;ouvrage publics ou priv\u00e9s<\/p>\n","protected":false},"excerpt":{"rendered":"<p>Notre Actualit\u00e9 ______________________________________________________________________________________________ S\u00e9bastien CHAUME DIR. TECHNIQUE Laurent BOUDAILLIEZ CHEF DE PROJETS C\u00e9line CHAUVIR\u00c9 RAF Beno\u00eet SOUFFRANT ARCHITECTE Nos secteurs d&rsquo;activit\u00e9 | Sant\u00e9, Sciences du vivant &amp; Industrie Notre atelier d\u2019architecture et d\u2019ing\u00e9nierie propose des missions de Maitrise d\u2019\u0153uvre b\u00e2timent et Proc\u00e9d\u00e9s pour tous types de projets, principalement orient\u00e9s dans le domaine des sciences du&hellip;&nbsp;<a href=\"https:\/\/i-mediaa.eu\/?p=654\" class=\"\" rel=\"bookmark\">Lire la suite &raquo;<span class=\"screen-reader-text\">Page ACCUEIL<\/span><\/a><\/p>\n","protected":false},"author":2,"featured_media":0,"parent":0,"menu_order":0,"comment_status":"closed","ping_status":"closed","template":"","meta":{"sfsi_plus_gutenberg_text_before_share":"","sfsi_plus_gutenberg_show_text_before_share":"","sfsi_plus_gutenberg_icon_type":"","sfsi_plus_gutenberg_icon_alignemt":"","sfsi_plus_gutenburg_max_per_row":"","neve_meta_sidebar":"","neve_meta_container":"default","neve_meta_enable_content_width":"off","neve_meta_content_width":70,"neve_meta_title_alignment":"left","neve_meta_author_avatar":"","neve_post_elements_order":"","neve_meta_disable_header":"off","neve_meta_disable_footer":"","neve_meta_disable_title":""},"_links":{"self":[{"href":"https:\/\/i-mediaa.eu\/index.php\/wp-json\/wp\/v2\/pages\/6"}],"collection":[{"href":"https:\/\/i-mediaa.eu\/index.php\/wp-json\/wp\/v2\/pages"}],"about":[{"href":"https:\/\/i-mediaa.eu\/index.php\/wp-json\/wp\/v2\/types\/page"}],"author":[{"embeddable":true,"href":"https:\/\/i-mediaa.eu\/index.php\/wp-json\/wp\/v2\/users\/2"}],"replies":[{"embeddable":true,"href":"https:\/\/i-mediaa.eu\/index.php\/wp-json\/wp\/v2\/comments?post=6"}],"version-history":[{"count":234,"href":"https:\/\/i-mediaa.eu\/index.php\/wp-json\/wp\/v2\/pages\/6\/revisions"}],"predecessor-version":[{"id":1605,"href":"https:\/\/i-mediaa.eu\/index.php\/wp-json\/wp\/v2\/pages\/6\/revisions\/1605"}],"wp:attachment":[{"href":"https:\/\/i-mediaa.eu\/index.php\/wp-json\/wp\/v2\/media?parent=6"}],"curies":[{"name":"wp","href":"https:\/\/api.w.org\/{rel}","templated":true}]}}